{"id":6,"date":"2021-07-22T17:31:19","date_gmt":"2021-07-22T20:31:19","guid":{"rendered":"http:\/\/elearningutnfrcu.com.ar\/index.php\/thank-you-for-purchase\/"},"modified":"2026-02-21T11:44:32","modified_gmt":"2026-02-21T14:44:32","slug":"gracias","status":"publish","type":"page","link":"https:\/\/elearning.frcu.utn.edu.ar\/?page_id=6","title":{"rendered":"Gracias por tu compra"},"content":{"rendered":"<p>[et_pb_section fb_built=\u00bb1&#8243; _builder_version=\u00bb4.16&#8243; _module_preset=\u00bbdefault\u00bb global_colors_info=\u00bb{}\u00bb][et_pb_row _builder_version=\u00bb4.16&#8243; _module_preset=\u00bbdefault\u00bb global_colors_info=\u00bb{}\u00bb][et_pb_column type=\u00bb4_4&#8243; _builder_version=\u00bb4.16&#8243; _module_preset=\u00bbdefault\u00bb global_colors_info=\u00bb{}\u00bb][et_pb_blurb use_icon=\u00bbon\u00bb font_icon=\u00bb&#x52;||divi||400&#8243; icon_color=\u00bb#15dc7f\u00bb _builder_version=\u00bb4.16&#8243; _module_preset=\u00bbdefault\u00bb animation_style=\u00bbslide\u00bb animation_duration=\u00bb700ms\u00bb animation_intensity_slide=\u00bb73%\u00bb global_colors_info=\u00bb{}\u00bb][\/et_pb_blurb][et_pb_text admin_label=\u00bbTexto\u00bb _builder_version=\u00bb4.16&#8243; _module_preset=\u00bbdefault\u00bb text_orientation=\u00bbcenter\u00bb global_colors_info=\u00bb{}\u00bb]<\/p>\n<h1>Compra exitosa<\/h1>\n<p>[\/et_pb_text][\/et_pb_column][\/et_pb_row][et_pb_row _builder_version=\u00bb4.16&#8243; _module_preset=\u00bbdefault\u00bb custom_padding=\u00bb5px|||||\u00bb global_colors_info=\u00bb{}\u00bb][et_pb_column type=\u00bb4_4&#8243; _builder_version=\u00bb4.16&#8243; _module_preset=\u00bbdefault\u00bb global_colors_info=\u00bb{}\u00bb][et_pb_text _builder_version=\u00bb4.16&#8243; _module_preset=\u00bbdefault\u00bb text_font_size=\u00bb18px\u00bb text_orientation=\u00bbcenter\u00bb global_colors_info=\u00bb{}\u00bb]<\/p>\n<p>Gracias por confiar en nuestra propuesta de formaci\u00f3n.<\/p>\n<p>Nuestro equipo est\u00e1 analizando tus datos de registro, una vez confirmado, dentro de las 24hs recibir\u00e1s el acceso a tu cuenta para comenzar con la capacitaci\u00f3n.<\/p>\n<p>[\/et_pb_text][et_pb_text _builder_version=\u00bb4.16&#8243; _module_preset=\u00bbdefault\u00bb custom_padding=\u00bb||0px|||\u00bb global_colors_info=\u00bb{}\u00bb]<\/p>\n<p style=\"text-align: center;\">Te sugerimos revisar la carpeta SPAM o No Deseados, y si el correo se encuentra ah\u00ed, por favor marcalo como \u00abno es spam\u00bb o \u00abseguro\u00bb para recibir correctamente futuros mails desde nuestra plataforma.<\/p>\n<p>[\/et_pb_text][et_pb_button button_url=\u00bb@ET-DC@eyJkeW5hbWljIjp0cnVlLCJjb250ZW50IjoicG9zdF9saW5rX3VybF9wYWdlIiwic2V0dGluZ3MiOnsicG9zdF9pZCI6IjI2MyJ9fQ==@\u00bb button_text=\u00bbVolver a cursos\u00bb button_alignment=\u00bbcenter\u00bb _builder_version=\u00bb4.16&#8243; _dynamic_attributes=\u00bbbutton_url\u00bb _module_preset=\u00bbdefault\u00bb global_colors_info=\u00bb{}\u00bb][\/et_pb_button][\/et_pb_column][\/et_pb_row][\/et_pb_section]<\/p>\n","protected":false},"excerpt":{"rendered":"<p>Compra exitosaGracias por confiar en nuestra propuesta de formaci\u00f3n. Nuestro equipo est\u00e1 analizando tus datos de registro, una vez confirmado, dentro de las 24hs recibir\u00e1s el acceso a tu cuenta para comenzar con la capacitaci\u00f3n.Te sugerimos revisar la carpeta SPAM o No Deseados, y si el correo se encuentra ah\u00ed, por favor marcalo como \u00abno [&hellip;]<\/p>\n","protected":false},"author":1,"featured_media":0,"parent":0,"menu_order":0,"comment_status":"closed","ping_status":"closed","template":"","meta":{"_acf_changed":false,"_et_pb_use_builder":"on","_et_pb_old_content":"","_et_gb_content_width":"","productId":0,"courseId":0,"footnotes":""},"class_list":["post-6","page","type-page","status-publish","hentry"],"acf":[],"_links":{"self":[{"href":"https:\/\/elearning.frcu.utn.edu.ar\/index.php?rest_route=\/wp\/v2\/pages\/6","targetHints":{"allow":["GET"]}}],"collection":[{"href":"https:\/\/elearning.frcu.utn.edu.ar\/index.php?rest_route=\/wp\/v2\/pages"}],"about":[{"href":"https:\/\/elearning.frcu.utn.edu.ar\/index.php?rest_route=\/wp\/v2\/types\/page"}],"author":[{"embeddable":true,"href":"https:\/\/elearning.frcu.utn.edu.ar\/index.php?rest_route=\/wp\/v2\/users\/1"}],"replies":[{"embeddable":true,"href":"https:\/\/elearning.frcu.utn.edu.ar\/index.php?rest_route=%2Fwp%2Fv2%2Fcomments&post=6"}],"version-history":[{"count":1,"href":"https:\/\/elearning.frcu.utn.edu.ar\/index.php?rest_route=\/wp\/v2\/pages\/6\/revisions"}],"predecessor-version":[{"id":1405,"href":"https:\/\/elearning.frcu.utn.edu.ar\/index.php?rest_route=\/wp\/v2\/pages\/6\/revisions\/1405"}],"wp:attachment":[{"href":"https:\/\/elearning.frcu.utn.edu.ar\/index.php?rest_route=%2Fwp%2Fv2%2Fmedia&parent=6"}],"curies":[{"name":"wp","href":"https:\/\/api.w.org\/{rel}","templated":true}]}}